{"id":18221,"date":"2021-12-21T19:47:11","date_gmt":"2021-12-21T19:47:11","guid":{"rendered":"https:\/\/supernegocios.com.do\/wp49\/?page_id=18221"},"modified":"2023-06-02T14:54:51","modified_gmt":"2023-06-02T14:54:51","slug":"calculadora-hipoteca","status":"publish","type":"page","link":"https:\/\/supernegocios.com.do\/wp49\/calculadora-hipoteca\/","title":{"rendered":"Calculadora de Hipotecas"},"content":{"rendered":"\t\t<div data-elementor-type=\"wp-page\" data-elementor-id=\"18221\" class=\"elementor elementor-18221\">\n\t\t\t\t\t\t<section class=\"elementor-section elementor-top-section elementor-element elementor-element-e0ee27b elementor-section-boxed elementor-section-height-default elementor-section-height-default\" data-id=\"e0ee27b\" data-element_type=\"section\" data-e-type=\"section\">\n\t\t\t\t\t\t<div class=\"elementor-container elementor-column-gap-default\">\n\t\t\t\t\t<div class=\"elementor-column elementor-col-100 elementor-top-column elementor-element elementor-element-7043449\" data-id=\"7043449\" data-element_type=\"column\" data-e-type=\"column\">\n\t\t\t<div class=\"elementor-widget-wrap elementor-element-populated\">\n\t\t\t\t\t\t<div class=\"elementor-element elementor-element-84b3ec2 elementor-widget elementor-widget-houzez-property-section-calculator\" data-id=\"84b3ec2\" data-element_type=\"widget\" data-e-type=\"widget\" data-widget_type=\"houzez-property-section-calculator.default\">\n\t\t\t\t<div class=\"elementor-widget-container\">\n\t\t\t\t\t        <div class=\"property-mortgage-calculator-wrap property-section-wrap\" id=\"property-mortgage-calculator-wrap\">\n            <div class=\"block-wrap\">\n                \n                                <div class=\"block-title-wrap\">\n                    <h2>Calculadora de Hipoteca<\/h2>\n                <\/div><!-- block-title-wrap -->\n                \n                <div class=\"block-content-wrap\">\n                    <div class=\"d-flex align-items-center sm-column\">\n\t<div class=\"mortgage-calculator-chart flex-fill\">\n\t\t<div class=\"mortgage-calculator-monthly-payment-wrap\">\n\t\t\t<div id=\"m_monthly_val\" class=\"mortgage-calculator-monthly-payment\"><\/div>\n\t\t\t<div class=\"mortgage-calculator-monthly-requency\">Mensualmente<\/div>\n\t\t<\/div>\n\n\t\t<canvas id=\"mortgage-calculator-chart\" width=\"300\" height=\"300\"><\/canvas>\n\n\n\t<\/div><!-- mortgage-calculator-chart -->\n\t<div class=\"mortgage-calculator-data flex-fill\">\n\t\t<ul class=\"list-unstyled\">\n\t\t\t<li class=\"mortgage-calculator-data-1 stats-data-01\">\n\t\t\t\t<i class=\"houzez-icon icon-sign-badge-circle mr-1\"><\/i> \n\t\t\t\t<strong>Pago Inicial<\/strong> \n\t\t\t\t<span id=\"downPaymentResult\"><\/span>\n\t\t\t<\/li>\n\n\t\t\t<li class=\"mortgage-calculator-data-1 stats-data-01\">\n\t\t\t\t<i class=\"houzez-icon icon-sign-badge-circle mr-1\"><\/i> \n\t\t\t\t<strong>Loan Amount<\/strong> \n\t\t\t\t<span id=\"loadAmountResult\"><\/span>\n\t\t\t<\/li>\n\n\t\t\t<li class=\"mortgage-calculator-data-1 stats-data-1\">\n\t\t\t\t<i class=\"houzez-icon icon-sign-badge-circle mr-1\"><\/i> \n\t\t\t\t<strong>Monthly Mortgage Payment<\/strong> \n\t\t\t\t<span id=\"monthlyMortgagePaymentResult\"><\/span>\n\t\t\t<\/li>\n\n\t\t\t\n\t\t\t\n\t\t\t\n\t\t\t\t\t\t<li class=\"mortgage-calculator-data-4 stats-data-04\">\n\t\t\t\t<i class=\"houzez-icon icon-sign-badge-circle mr-1\"><\/i> \n\t\t\t\t<strong>Monthly HOA Fees<\/strong> \n\t\t\t\t<span id=\"monthlyHOAResult\"><\/span>\n\t\t\t<\/li>\n\t\t\t\t\t<\/ul>\n\t<\/div><!-- mortgage-calculator-data -->\n<\/div><!-- d-flex -->\n\n<form id=\"houzez-calculator-form\" method=\"post\">\n\t<div class=\"row\">\n\t\t<div class=\"col-md-4\">\n\t\t\t<div class=\"form-group\">\n\t\t\t\t<label>Cantidad Total<\/label>\n\t\t\t\t<div class=\"input-group\">\n\t\t\t\t\t<div class=\"input-group-prepend\">\n\t\t\t\t\t\t<div class=\"input-group-text\">RD$<\/div>\n\t\t\t\t\t<\/div><!-- input-group-prepend -->\n\t\t\t\t\t<input id=\"homePrice\" type=\"text\" class=\"form-control\" placeholder=\"Cantidad Total\" value=\"0\">\n\t\t\t\t<\/div><!-- input-group -->\n\t\t\t<\/div><!-- form-group -->\n\t\t<\/div><!-- col-md-4 -->\n\t\t<div class=\"col-md-4\">\n\t\t\t<div class=\"form-group\">\n\t\t\t\t<label>Pago Inicial<\/label>\n\t\t\t\t<div class=\"input-group\">\n\t\t\t\t\t<div class=\"input-group-prepend\">\n\t\t\t\t\t\t<div class=\"input-group-text\">%<\/div>\n\t\t\t\t\t<\/div><!-- input-group-prepend -->\n\t\t\t\t\t<input id=\"downPaymentPercentage\" type=\"text\" class=\"form-control\" placeholder=\"Pago Inicial\" value=\"\">\n\t\t\t\t<\/div><!-- input-group -->\n\t\t\t<\/div><!-- form-group -->\n\t\t<\/div><!-- col-md-4 -->\n\t\t<div class=\"col-md-4\">\n\t\t\t<div class=\"form-group\">\n\t\t\t\t<label>Tasa de Inter\u00e9s<\/label>\n\t\t\t\t<div class=\"input-group\">\n\t\t\t\t\t<div class=\"input-group-prepend\">\n\t\t\t\t\t\t<div class=\"input-group-text\">%<\/div>\n\t\t\t\t\t<\/div><!-- input-group-prepend -->\n\t\t\t\t\t<input id=\"annualInterestRate\" type=\"text\" class=\"form-control\" placeholder=\"Tasa de Inter\u00e9s\" value=\"\">\n\t\t\t\t<\/div><!-- input-group -->\n\t\t\t<\/div><!-- form-group -->\n\t\t<\/div><!-- col-md-4 -->\n\t\t<div class=\"col-md-4\">\n\t\t\t<div class=\"form-group\">\n\t\t\t\t<label>Plazo del Pr\u00e9stamo (a\u00f1os)<\/label>\n\t\t\t\t<div class=\"input-group\">\n\t\t\t\t\t<div class=\"input-group-prepend\">\n\t\t\t\t\t\t<div class=\"input-group-text\">\n\t\t\t\t\t\t\t<i class=\"houzez-icon icon-calendar-3\"><\/i>\n\t\t\t\t\t\t<\/div>\n\t\t\t\t\t<\/div><!-- input-group-prepend -->\n\t\t\t\t\t<input id=\"loanTermInYears\" type=\"text\" class=\"form-control\" placeholder=\"Plazo del Pr\u00e9stamo (a\u00f1os)\" value=\"\">\n\t\t\t\t<\/div><!-- input-group -->\n\t\t\t<\/div><!-- form-group -->\n\t\t<\/div><!-- col-md-4 -->\n\n\t\t\n\n\t\t\n\t\t\t\t<div class=\"col-md-4\">\n\t\t\t<div class=\"form-group\">\n\t\t\t\t<label>Monthly HOA Fees<\/label>\n\t\t\t\t<div class=\"input-group\">\n\t\t\t\t\t<div class=\"input-group-prepend\">\n\t\t\t\t\t\t<div class=\"input-group-text\">RD$<\/div>\n\t\t\t\t\t<\/div><!-- input-group-prepend -->\n\t\t\t\t\t<input id=\"monthlyHOAFees\" type=\"text\" class=\"form-control\" placeholder=\"Monthly HOA Fees\" value=\"\">\n\t\t\t\t<\/div><!-- input-group -->\n\t\t\t<\/div><!-- form-group -->\n\t\t<\/div><!-- col-md-4 -->\n\t\t\n\t\t\t<\/div><!-- row -->\n<\/form>                <\/div><!-- block-content-wrap -->\n            <\/div><!-- block-wrap -->\n        <\/div><!-- property-mortgage-calculator-wrap -->\n        \t\t\t\t<\/div>\n\t\t\t\t<\/div>\n\t\t\t\t\t<\/div>\n\t\t<\/div>\n\t\t\t\t\t<\/div>\n\t\t<\/section>\n\t\t\t\t<section class=\"elementor-section elementor-top-section elementor-element elementor-element-d5b05e2 elementor-section-boxed elementor-section-height-default elementor-section-height-default\" data-id=\"d5b05e2\" data-element_type=\"section\" data-e-type=\"section\">\n\t\t\t\t\t\t<div class=\"elementor-container elementor-column-gap-default\">\n\t\t\t\t\t<div class=\"elementor-column elementor-col-100 elementor-top-column elementor-element elementor-element-acede4d\" data-id=\"acede4d\" data-element_type=\"column\" data-e-type=\"column\">\n\t\t\t<div class=\"elementor-widget-wrap elementor-element-populated\">\n\t\t\t\t\t\t<div class=\"elementor-element elementor-element-5b55c04 elementor-widget elementor-widget-heading\" data-id=\"5b55c04\" data-element_type=\"widget\" data-e-type=\"widget\" data-widget_type=\"heading.default\">\n\t\t\t\t<div class=\"elementor-widget-container\">\n\t\t\t\t\t<h2 class=\"elementor-heading-title elementor-size-default\">Queremos saber de ti. Cont\u00e1ctanos<\/h2>\t\t\t\t<\/div>\n\t\t\t\t<\/div>\n\t\t\t\t\t<\/div>\n\t\t<\/div>\n\t\t\t\t\t<\/div>\n\t\t<\/section>\n\t\t\t\t<section class=\"elementor-section elementor-top-section elementor-element elementor-element-ccd4496 elementor-section-boxed elementor-section-height-default elementor-section-height-default\" data-id=\"ccd4496\" data-element_type=\"section\" data-e-type=\"section\">\n\t\t\t\t\t\t<div class=\"elementor-container elementor-column-gap-default\">\n\t\t\t\t\t<div class=\"elementor-column elementor-col-100 elementor-top-column elementor-element elementor-element-000f667\" data-id=\"000f667\" data-element_type=\"column\" data-e-type=\"column\">\n\t\t\t<div class=\"elementor-widget-wrap elementor-element-populated\">\n\t\t\t\t\t\t<div class=\"elementor-element elementor-element-c68c0e1 elementor-button-align-stretch elementor-widget elementor-widget-houzez_elementor_contact_form\" data-id=\"c68c0e1\" data-element_type=\"widget\" data-e-type=\"widget\" data-widget_type=\"houzez_elementor_contact_form.default\">\n\t\t\t\t<div class=\"elementor-widget-container\">\n\t\t\t\t\t\n        <script type=\"application\/javascript\">\n            jQuery(document).bind(\"ready\", function () {\n                houzezValidateElementor(\"#houzez-form-c68c0e1\" );\n            });\n        <\/script>\n\n        <form class=\"elementor-form houzez-ele-form-js\" id=\"houzez-form-c68c0e1\" method=\"post\" name=\"New Form\" action=\"https:\/\/supernegocios.com.do\/wp49\/wp-admin\/admin-ajax.php\">\n            <input type=\"hidden\" name=\"form_id\" value=\"c68c0e1\"\/>\n            <input type=\"hidden\" name=\"houzez_contact_form\" value=\"yes\"\/>\n            <input type=\"hidden\" name=\"action\" value=\"houzez_ele_contact_form\" \/>\n            <input type=\"hidden\" name=\"source_link\" value=\"https:\/\/supernegocios.com.do\/wp49\/calculadora-hipoteca\/\" \/>\n            <input type=\"hidden\" name=\"lead_page_id\" value=\"18221\" \/>\n            <input type=\"hidden\" name=\"webhook\" value=\"false\" \/>\n            <input type=\"hidden\" name=\"webhook_url\" value=\"\" \/>\n            <input type=\"hidden\" name=\"redirect_to\" value=\"\" \/>\n            <input type=\"hidden\" name=\"google_recaptcha\" value=\"false\" \/>\n            \n\n            <div class=\"elementor-form-fields-wrapper elementor-labels-above\">\n\n                                    <div class=\"elementor-field-group elementor-column form-group elementor-field-group-name elementor-col-100\">\n                    <label for=\"form-field-name\" class=\"elementor-field-label\">Nombre<\/label><input type=\"text\" name=\"name\" id=\"form-field-name\" class=\"elementor-field form-control elementor-size-sm elementor-field-textual\" placeholder=\"Nombre\" title=\"* Nombre\">                    <\/div>\n\n                                        <div class=\"elementor-field-group elementor-column form-group elementor-field-group-email elementor-col-100 elementor-field-required\">\n                    <label for=\"form-field-email\" class=\"elementor-field-label\">Email<\/label><input type=\"email\" name=\"email\" id=\"form-field-email\" class=\"elementor-field form-control elementor-size-sm elementor-field-textual\" placeholder=\"Email\" title=\"* Email\" required=\"required\">                    <\/div>\n\n                                        <div class=\"elementor-field-group elementor-column form-group elementor-field-group-b8b9907 elementor-col-100\">\n                    <label for=\"form-field-b8b9907\" class=\"elementor-field-label\">M\u00f3vil<\/label><input type=\"text\" name=\"mobile\" id=\"form-field-b8b9907\" class=\"elementor-field form-control elementor-size-sm elementor-field-textual\" placeholder=\"Movil\" title=\"* M\u00f3vil\">                    <\/div>\n\n                                        <div class=\"elementor-field-group elementor-column form-group elementor-field-group-message elementor-col-100\">\n                    <label for=\"form-field-message\" class=\"elementor-field-label\">Mensaje<\/label><textarea class=\"elementor-field-textual elementor-field elementor-size-sm\" name=\"message\" id=\"form-field-message\" rows=\"4\" placeholder=\"Mensaje\"><\/textarea>                    <\/div>\n\n                    \n                    \n                    \n                    <div class=\"elementor-field-group elementor-column elementor-field-type-submit elementor-col-100\">\n                    <button type=\"submit\" class=\"houzez-submit-button houzez-contact-form-js elementor-button elementor-size-sm\">\n                        <i class=\"btn-loader houzez-loader-js\"><\/i>\n                                                    Enviar                                            <\/button>\n                <\/div>\n            <\/div><!-- End wrapper-->\n            <br\/>\n            <div class=\"ele-form-messages\"><\/div>\n            <div class=\"error-container\"><\/div>\n\n        <\/form>\n\n    \t\t\t\t<\/div>\n\t\t\t\t<\/div>\n\t\t\t\t\t<\/div>\n\t\t<\/div>\n\t\t\t\t\t<\/div>\n\t\t<\/section>\n\t\t\t\t<section class=\"elementor-section elementor-top-section elementor-element elementor-element-413b274 elementor-section-boxed elementor-section-height-default elementor-section-height-default\" data-id=\"413b274\" data-element_type=\"section\" data-e-type=\"section\">\n\t\t\t\t\t\t<div class=\"elementor-container elementor-column-gap-default\">\n\t\t\t\t\t<div class=\"elementor-column elementor-col-100 elementor-top-column elementor-element elementor-element-107697b\" data-id=\"107697b\" data-element_type=\"column\" data-e-type=\"column\">\n\t\t\t<div class=\"elementor-widget-wrap elementor-element-populated\">\n\t\t\t\t\t\t<div class=\"elementor-element elementor-element-8a1dd1b elementor-widget elementor-widget-houzez_elementor_blog_posts\" data-id=\"8a1dd1b\" data-element_type=\"widget\" data-e-type=\"widget\" data-widget_type=\"houzez_elementor_blog_posts.default\">\n\t\t\t\t<div class=\"elementor-widget-container\">\n\t\t\t\t\t\n        <div class=\"blog-posts-module blog-posts-module-v1\">\n            <div class=\"row module-row\">\n                                    <div class=\"col-lg-6 col-md-6\">\n                        <div id=\"post-18847\" class=\"blog-post-item blog-post-item-v1 post-18847 post type-post status-publish format-standard hentry category-negocios\">\n\t\n\t\n\t<div class=\"blog-post-content-wrap\">\n\t\t<div class=\"blog-post-meta\">\n\t\t\t<ul class=\"list-inline\">\n\t\t\t\t\n\t\t\t\t\n\t\t\t<\/ul>\n\t\t<\/div><!-- blog-post-meta -->\n\t\t<div class=\"blog-post-title\">\n\t\t\t<h3><a href=\"https:\/\/supernegocios.com.do\/wp49\/5-razones-por-las-que-vender-tu-negocio-a-traves-de-un-intermediario-profesional-es-la-mejor-opcion\/\">5 Razones por las que Vender tu Negocio a Trav\u00e9s de un Intermediario Profesional es la Mejor Opci\u00f3n<\/a><\/h3>\n\t\t<\/div><!-- blog-post-title -->\n\t\t<div class=\"blog-post-body\">\n\t\t\tVender un negocio es una decisi\u00f3n importante, y en muchos casos, puede ser un proceso largo y...\t\t<\/div><!-- blog-post-body -->\n\t\t<div class=\"blog-post-link\">\n\t\t\t<a href=\"https:\/\/supernegocios.com.do\/wp49\/5-razones-por-las-que-vender-tu-negocio-a-traves-de-un-intermediario-profesional-es-la-mejor-opcion\/\">Sigue leyendo<\/a>\n\t\t<\/div><!-- blog-post-link -->\n\t<\/div><!-- blog-post-content-wrap -->\n\t<\/div><!-- blog-post-item -->                    <\/div>\n                                    <div class=\"col-lg-6 col-md-6\">\n                        <div id=\"post-18837\" class=\"blog-post-item blog-post-item-v1 post-18837 post type-post status-publish format-standard hentry category-inmuebles category-marketing category-negocios\">\n\t\n\t\n\t<div class=\"blog-post-content-wrap\">\n\t\t<div class=\"blog-post-meta\">\n\t\t\t<ul class=\"list-inline\">\n\t\t\t\t\n\t\t\t\t\n\t\t\t<\/ul>\n\t\t<\/div><!-- blog-post-meta -->\n\t\t<div class=\"blog-post-title\">\n\t\t\t<h3><a href=\"https:\/\/supernegocios.com.do\/wp49\/por-que-contratar-un-broker-de-negocios-es-crucial-para-vender-tu-negocio\/\">\u00bfPor Qu\u00e9 Contratar un Broker de Negocios es Crucial para Vender tu Negocio?<\/a><\/h3>\n\t\t<\/div><!-- blog-post-title -->\n\t\t<div class=\"blog-post-body\">\n\t\t\tVender un negocio en Santo Domingo puede ser una de las decisiones m\u00e1s importantes de tu vida...\t\t<\/div><!-- blog-post-body -->\n\t\t<div class=\"blog-post-link\">\n\t\t\t<a href=\"https:\/\/supernegocios.com.do\/wp49\/por-que-contratar-un-broker-de-negocios-es-crucial-para-vender-tu-negocio\/\">Sigue leyendo<\/a>\n\t\t<\/div><!-- blog-post-link -->\n\t<\/div><!-- blog-post-content-wrap -->\n\t<\/div><!-- blog-post-item -->                    <\/div>\n                                    <div class=\"col-lg-6 col-md-6\">\n                        <div id=\"post-18679\" class=\"blog-post-item blog-post-item-v1 post-18679 post type-post status-publish format-standard has-post-thumbnail hentry category-marketing category-negocios\">\n\t\n\t\t<div class=\"blog-post-thumb\">\n\t\t<a href=\"https:\/\/supernegocios.com.do\/wp49\/consejos-para-evaluar-y-seleccionar-el-negocio-en-marcha-adecuado\/\" class=\"hover-effect\">\n\t\t\t<img fetchpriority=\"high\" decoding=\"async\" width=\"592\" height=\"444\" src=\"https:\/\/supernegocios.com.do\/wp49\/wp-content\/uploads\/2023\/07\/pequenos-negocios-592x444.jpg\" class=\"img-fluid wp-post-image\" alt=\"\" srcset=\"https:\/\/supernegocios.com.do\/wp49\/wp-content\/uploads\/2023\/07\/pequenos-negocios-592x444.jpg 592w, https:\/\/supernegocios.com.do\/wp49\/wp-content\/uploads\/2023\/07\/pequenos-negocios-584x438.jpg 584w, https:\/\/supernegocios.com.do\/wp49\/wp-content\/uploads\/2023\/07\/pequenos-negocios-120x90.jpg 120w\" sizes=\"(max-width: 592px) 100vw, 592px\" \/>\t\t<\/a>\n\t<\/div><!-- blog-post-thumb -->\n\t\n\t<div class=\"blog-post-content-wrap\">\n\t\t<div class=\"blog-post-meta\">\n\t\t\t<ul class=\"list-inline\">\n\t\t\t\t\n\t\t\t\t\n\t\t\t<\/ul>\n\t\t<\/div><!-- blog-post-meta -->\n\t\t<div class=\"blog-post-title\">\n\t\t\t<h3><a href=\"https:\/\/supernegocios.com.do\/wp49\/consejos-para-evaluar-y-seleccionar-el-negocio-en-marcha-adecuado\/\">Consejos para evaluar y seleccionar el negocio en marcha adecuado<\/a><\/h3>\n\t\t<\/div><!-- blog-post-title -->\n\t\t<div class=\"blog-post-body\">\n\t\t\tComprar un negocio en marcha puede ser una excelente opci\u00f3n para aquellos que desean adentrarse...\t\t<\/div><!-- blog-post-body -->\n\t\t<div class=\"blog-post-link\">\n\t\t\t<a href=\"https:\/\/supernegocios.com.do\/wp49\/consejos-para-evaluar-y-seleccionar-el-negocio-en-marcha-adecuado\/\">Sigue leyendo<\/a>\n\t\t<\/div><!-- blog-post-link -->\n\t<\/div><!-- blog-post-content-wrap -->\n\t<\/div><!-- blog-post-item -->                    <\/div>\n                                    <div class=\"col-lg-6 col-md-6\">\n                        <div id=\"post-18676\" class=\"blog-post-item blog-post-item-v1 post-18676 post type-post status-publish format-standard has-post-thumbnail hentry category-inmuebles category-marketing category-negocios\">\n\t\n\t\t<div class=\"blog-post-thumb\">\n\t\t<a href=\"https:\/\/supernegocios.com.do\/wp49\/la-importancia-de-contar-con-una-asesoria-profesional-al-comprar-un-negocio-en-marcha\/\" class=\"hover-effect\">\n\t\t\t<img decoding=\"async\" width=\"592\" height=\"444\" src=\"https:\/\/supernegocios.com.do\/wp49\/wp-content\/uploads\/2023\/07\/compraventa-negocio-592x444.jpg\" class=\"img-fluid wp-post-image\" alt=\"\" srcset=\"https:\/\/supernegocios.com.do\/wp49\/wp-content\/uploads\/2023\/07\/compraventa-negocio-592x444.jpg 592w, https:\/\/supernegocios.com.do\/wp49\/wp-content\/uploads\/2023\/07\/compraventa-negocio-584x438.jpg 584w, https:\/\/supernegocios.com.do\/wp49\/wp-content\/uploads\/2023\/07\/compraventa-negocio-120x90.jpg 120w\" sizes=\"(max-width: 592px) 100vw, 592px\" \/>\t\t<\/a>\n\t<\/div><!-- blog-post-thumb -->\n\t\n\t<div class=\"blog-post-content-wrap\">\n\t\t<div class=\"blog-post-meta\">\n\t\t\t<ul class=\"list-inline\">\n\t\t\t\t\n\t\t\t\t\n\t\t\t<\/ul>\n\t\t<\/div><!-- blog-post-meta -->\n\t\t<div class=\"blog-post-title\">\n\t\t\t<h3><a href=\"https:\/\/supernegocios.com.do\/wp49\/la-importancia-de-contar-con-una-asesoria-profesional-al-comprar-un-negocio-en-marcha\/\">La importancia de contar con una asesor\u00eda profesional al comprar un negocio en marcha<\/a><\/h3>\n\t\t<\/div><!-- blog-post-title -->\n\t\t<div class=\"blog-post-body\">\n\t\t\tComprar un negocio en marcha puede ser una excelente oportunidad para los emprendedores que desean...\t\t<\/div><!-- blog-post-body -->\n\t\t<div class=\"blog-post-link\">\n\t\t\t<a href=\"https:\/\/supernegocios.com.do\/wp49\/la-importancia-de-contar-con-una-asesoria-profesional-al-comprar-un-negocio-en-marcha\/\">Sigue leyendo<\/a>\n\t\t<\/div><!-- blog-post-link -->\n\t<\/div><!-- blog-post-content-wrap -->\n\t<\/div><!-- blog-post-item -->                    <\/div>\n                            <\/div>\n        <\/div>\n\n        \t\t\t\t<\/div>\n\t\t\t\t<\/div>\n\t\t\t\t\t<\/div>\n\t\t<\/div>\n\t\t\t\t\t<\/div>\n\t\t<\/section>\n\t\t\t\t<\/div>\n\t\t","protected":false},"excerpt":{"rendered":"<p>Calculadora de Hipoteca Mensualmente Capital e Inter\u00e9s Cantidad Total RD$ Pago Inicial RD$ Tasa de Inter\u00e9s % Plazo del Pr\u00e9stamo (a\u00f1os) Calcular Queremos saber de ti. Cont\u00e1ctanos Nombre Email M\u00f3vil Mensaje Enviar \u00bfPor qu\u00e9 necesito un corredor o asesor comercial? Es recomendable mantener la venta de tu negocio de forma confidencial, para evitar que los&#8230; [&hellip;]<\/p>\n","protected":false},"author":17,"featured_media":0,"parent":0,"menu_order":0,"comment_status":"closed","ping_status":"closed","template":"","meta":{"content-type":"","footnotes":""},"class_list":["post-18221","page","type-page","status-publish","hentry"],"_links":{"self":[{"href":"https:\/\/supernegocios.com.do\/wp49\/wp-json\/wp\/v2\/pages\/18221","targetHints":{"allow":["GET"]}}],"collection":[{"href":"https:\/\/supernegocios.com.do\/wp49\/wp-json\/wp\/v2\/pages"}],"about":[{"href":"https:\/\/supernegocios.com.do\/wp49\/wp-json\/wp\/v2\/types\/page"}],"author":[{"embeddable":true,"href":"https:\/\/supernegocios.com.do\/wp49\/wp-json\/wp\/v2\/users\/17"}],"replies":[{"embeddable":true,"href":"https:\/\/supernegocios.com.do\/wp49\/wp-json\/wp\/v2\/comments?post=18221"}],"version-history":[{"count":27,"href":"https:\/\/supernegocios.com.do\/wp49\/wp-json\/wp\/v2\/pages\/18221\/revisions"}],"predecessor-version":[{"id":18658,"href":"https:\/\/supernegocios.com.do\/wp49\/wp-json\/wp\/v2\/pages\/18221\/revisions\/18658"}],"wp:attachment":[{"href":"https:\/\/supernegocios.com.do\/wp49\/wp-json\/wp\/v2\/media?parent=18221"}],"curies":[{"name":"wp","href":"https:\/\/api.w.org\/{rel}","templated":true}]}}